{"id":9925,"date":"2024-10-22T21:30:16","date_gmt":"2024-10-23T01:30:16","guid":{"rendered":"https:\/\/amenagementpaysagerpropulsion.webici.ca\/?page_id=9925"},"modified":"2026-03-05T08:29:46","modified_gmt":"2026-03-05T13:29:46","slug":"home","status":"publish","type":"page","link":"https:\/\/amenagementpaysagerpropulsion.webici.ca\/en\/","title":{"rendered":"Home"},"content":{"rendered":"<section id=\"accueil\" class=\"bde-section-9925-2061 bde-section\">\n              \n  \n  \n\t\n\n  <div class=\"section-background-overlay\"><\/div>\n\n\n<div class=\"section-container\"><div class=\"bde-div-9925-2062 bde-div\">\n  \n  \n\t\n\n\n\n<h1 class=\"bde-heading-9925-2063 bde-heading\" data-entrance=\"slideUp\">\nINSTALLATION DE MARGELLES ET R\u00c9PARATION DE FISSURES DE FONDATIONS\n<\/h1><h3 class=\"bde-heading-9925-2064 bde-heading\" data-entrance=\"fade\">\nNous installons des margelles avec excavation et drainage pour emp\u00eacher l\u2019eau de s\u2019accumuler contre vos fen\u00eatres et votre fondation.\n<\/h3>\n<\/div><div class=\"bde-div-9925-2065 bde-div\">\n  \n  \n\t\n\n\n\n<div class=\"bde-button-9925-2066 bde-button\" data-entrance=\"flipUp\">\n    \n                                    \n    \n    \n    \n    \n            \n                    \n            \n            \n\n    \n    \n    \n    \n    \n    <a class=\"breakdance-link button-atom button-atom--primary bde-button__button\" href=\"\/en\/#nous-joindre\" target=\"_self\" data-type=\"url\"  >\n\n    \n        <span class=\"button-atom__text\">Free quote<\/span>\n\n        \n        \n                <\/a>\n\n    \n\n\n<\/div><div class=\"bde-button-9925-2067 bde-button\" data-entrance=\"flipUp\">\n    \n                        \n                        \n    \n    \n    \n    \n            \n                    \n            \n            \n\n    \n    \n    \n    \n    \n    <a class=\"breakdance-link button-atom button-atom--custom bde-button__button\" href=\"\/en\/#realisations\" target=\"_self\" data-type=\"url\"  >\n\n    \n        <span class=\"button-atom__text\">Voir nos r\u00e9alisations<\/span>\n\n        \n        \n                <\/a>\n\n    \n\n\n<\/div>\n<\/div><\/div>\n<\/section><section id=\"a-propos\" class=\"bde-section-9925-1388 bde-section\">\n              \n  \n  \n\t\n\n  <div class=\"section-background-overlay\"><\/div>\n\n\n<div class=\"section-container\"><div class=\"bde-div-9925-2109 bde-div\">\n  \n  \n\t\n\n\n\n<h3 class=\"bde-heading-9925-1590 bde-heading\">\nUne expertise terrain en protection de fondation\n<\/h3><div class=\"bde-div-9925-1904 bde-div\">\n  \n  \n\t\n\n\n\n<p class=\"bde-text-9925-1396 bde-text\">\nMargelle Expert intervient sur les probl\u00e8mes d\u2019accumulation d\u2019eau autour des fen\u00eatres de sous-sol et sur les fissures de fondation pouvant compromettre l\u2019\u00e9tanch\u00e9it\u00e9 du b\u00e2timent. Nous nous sp\u00e9cialisons dans l\u2019installation, la correction et le remplacement de margelles, ainsi que dans la r\u00e9paration des fissures de b\u00e9ton afin de r\u00e9duire les risques d\u2019infiltrations et de dommages structuraux.\n<\/p><p class=\"bde-text-9925-2126 bde-text\">\nNous r\u00e9alisons des travaux souvent n\u00e9glig\u00e9s par d\u2019autres entrepreneurs. Notre approche est simple : excavation, ajout d\u2019une base drainante en pierre nette, nivellement et d\u00e9gagement selon les normes du b\u00e2timent. Nous r\u00e9parons \u00e9galement les fissures de fondation (s\u2019il y en a) par injection ou scellement sp\u00e9cialis\u00e9.\n<\/p><p class=\"bde-text-9925-2128 bde-text\">\nNotre objectif est clair : r\u00e9gler le probl\u00e8me \u00e0 la source et assurer une protection durable de la fondation.\n<\/p><div class=\"bde-button-9925-1397 bde-button stretched-btn\" data-entrance=\"zoomIn\">\n    \n                        \n                        \n    \n    \n    \n    \n            \n                    \n            \n            \n\n    \n    \n    \n    \n    \n    <a class=\"breakdance-link button-atom button-atom--primary bde-button__button\" href=\"\/en\/#nous-joindre\" target=\"_self\" data-type=\"url\"  >\n\n    \n        <span class=\"button-atom__text\">Free quote<\/span>\n\n        \n        \n                <\/a>\n\n    \n\n\n<\/div>\n<\/div>\n<\/div><\/div>\n<\/section><section id=\"services\" class=\"bde-section-9925-1399 bde-section\">\n  \n  \n\t\n\n\n\n        <div class=\"section-shape-divider-wrapper section-shape-divider-wrapper--1\">\n          <span class=\"section-shape-divider\">\n                      <svg\n                xmlns=\"http:\/\/www.w3.org\/2000\/svg\"\n                viewbox=\"0 0 1440 320\"\n                preserveaspectratio=\"none\"\n            >\n              <path d=\"M1440 304 720 0 0 304v16h1440v-16Z\" fill=\"currentColor\"\/>\n            <\/svg>\n                    <\/span>\n      <\/div>\n  <div class=\"section-container\"><div class=\"bde-div-9925-2092 bde-div\">\n              \n  \n  \n\t\n\n  <div class=\"section-background-overlay\"><\/div>\n\n\n<div class=\"bde-div-9925-2130 bde-div\">\n  \n  \n\t\n\n\n\n<h3 class=\"bde-heading-9925-1911 bde-heading\">\nSolutions concr\u00e8tes contre les infiltrations d\u2019eau\n<\/h3><div class=\"bde-text-9925-2129 bde-text\">\nUne infiltration ne dispara\u00eet jamais d\u2019elle-m\u00eame. Nous intervenons directement \u00e0 l\u2019origine du probl\u00e8me gr\u00e2ce \u00e0 des solutions adapt\u00e9es : margelles bien install\u00e9es, drainage efficace et r\u00e9paration professionnelle des fissures de fondation.\n<\/div>\n<\/div>\n<\/div><div class=\"bde-grid-9925-2069 bde-grid\">\n  \n  \n\t\n\n\n\n<div class=\"bde-div-9925-2070 bde-div\">\n  \n  \n\t\n\n\n\n<div class=\"bde-div-9925-2071 bde-div\">\n  \n  \n\t\n\n\n\n<img decoding=\"async\" class=\"bde-image2-9925-2072 bde-image2\" src=\"https:\/\/amenagementpaysagerpropulsion.webici.ca\/wp-content\/uploads\/2026\/03\/1.png\" srcset=\"https:\/\/amenagementpaysagerpropulsion.webici.ca\/wp-content\/uploads\/2026\/03\/1.png 2198w, https:\/\/amenagementpaysagerpropulsion.webici.ca\/wp-content\/uploads\/2026\/03\/1-300x266.png 300w, https:\/\/amenagementpaysagerpropulsion.webici.ca\/wp-content\/uploads\/2026\/03\/1-1024x909.png 1024w, https:\/\/amenagementpaysagerpropulsion.webici.ca\/wp-content\/uploads\/2026\/03\/1-768x682.png 768w, https:\/\/amenagementpaysagerpropulsion.webici.ca\/wp-content\/uploads\/2026\/03\/1-1536x1364.png 1536w, https:\/\/amenagementpaysagerpropulsion.webici.ca\/wp-content\/uploads\/2026\/03\/1-2048x1819.png 2048w, https:\/\/amenagementpaysagerpropulsion.webici.ca\/wp-content\/uploads\/2026\/03\/1-14x12.png 14w\" sizes=\"(max-width: 2198px) 100vw, 2198px\">\n<\/div><div class=\"bde-div-9925-2073 bde-div\">\n  \n  \n\t\n\n\n\n<div class=\"bde-div-9925-2075 bde-div\">\n              \n  \n  \n\t\n\n\n\n<h4 class=\"bde-heading-9925-1925 bde-heading\">\nInstallation de margelles\n<\/h4><p class=\"bde-text-9925-1926 bde-text\">\nNous installons des margelles autour des fen\u00eatres de sous-sol situ\u00e9es sous le niveau du sol afin d\u2019emp\u00eacher l\u2019eau et la terre d\u2019exercer une pression directe contre le cadre. Le travail comprend l\u2019excavation, l\u2019ajout d\u2019une base drainante en pierre nette et l\u2019installation d\u2019une structure solide qui favorise l\u2019\u00e9vacuation de l\u2019eau loin de la fondation.\n<\/p><div class=\"bde-button-9925-1927 bde-button stretched-btn\" data-entrance=\"zoomIn\">\n    \n                        \n                        \n    \n    \n    \n    \n            \n                    \n            \n            \n\n    \n    \n    \n    \n    \n    <a class=\"breakdance-link button-atom button-atom--custom bde-button__button\" href=\"\/en\/#nous-joindre\" target=\"_self\" data-type=\"url\"  >\n\n    \n        <span class=\"button-atom__text\">Free quote<\/span>\n\n        \n        \n                <\/a>\n\n    \n\n\n<\/div>\n<\/div>\n<\/div>\n<\/div><div class=\"bde-div-9925-2110 bde-div\">\n  \n  \n\t\n\n\n\n<div class=\"bde-div-9925-2111 bde-div\">\n  \n  \n\t\n\n\n\n<img decoding=\"async\" class=\"bde-image2-9925-2112 bde-image2\" src=\"https:\/\/amenagementpaysagerpropulsion.webici.ca\/wp-content\/uploads\/2026\/03\/4-1.png\" srcset=\"https:\/\/amenagementpaysagerpropulsion.webici.ca\/wp-content\/uploads\/2026\/03\/4-1.png 2380w, https:\/\/amenagementpaysagerpropulsion.webici.ca\/wp-content\/uploads\/2026\/03\/4-1-300x226.png 300w, https:\/\/amenagementpaysagerpropulsion.webici.ca\/wp-content\/uploads\/2026\/03\/4-1-1024x771.png 1024w, https:\/\/amenagementpaysagerpropulsion.webici.ca\/wp-content\/uploads\/2026\/03\/4-1-768x578.png 768w, https:\/\/amenagementpaysagerpropulsion.webici.ca\/wp-content\/uploads\/2026\/03\/4-1-1536x1157.png 1536w, https:\/\/amenagementpaysagerpropulsion.webici.ca\/wp-content\/uploads\/2026\/03\/4-1-2048x1542.png 2048w, https:\/\/amenagementpaysagerpropulsion.webici.ca\/wp-content\/uploads\/2026\/03\/4-1-16x12.png 16w\" sizes=\"(max-width: 2380px) 100vw, 2380px\">\n<\/div><div class=\"bde-div-9925-2113 bde-div\">\n  \n  \n\t\n\n\n\n<div class=\"bde-div-9925-2114 bde-div\">\n              \n  \n  \n\t\n\n\n\n<h4 class=\"bde-heading-9925-2115 bde-heading\">\nCorrection ou remplacement de margelles existantes\n<\/h4><p class=\"bde-text-9925-2116 bde-text\">\nLorsque la margelle est affaiss\u00e9e, mal nivel\u00e9e ou retient l\u2019eau, nous corrigeons la structure et le drainage pour r\u00e9tablir un \u00e9coulement ad\u00e9quat. L\u2019objectif est d\u2019\u00e9viter l\u2019accumulation d\u2019eau devant la fen\u00eatre et de r\u00e9duire les risques d\u2019infiltration au sous-sol.\n<\/p><div class=\"bde-button-9925-2117 bde-button stretched-btn\" data-entrance=\"zoomIn\">\n    \n                        \n                        \n    \n    \n    \n    \n            \n                    \n            \n            \n\n    \n    \n    \n    \n    \n    <a class=\"breakdance-link button-atom button-atom--custom bde-button__button\" href=\"\/en\/#nous-joindre\" target=\"_self\" data-type=\"url\"  >\n\n    \n        <span class=\"button-atom__text\">Free quote<\/span>\n\n        \n        \n                <\/a>\n\n    \n\n\n<\/div>\n<\/div>\n<\/div>\n<\/div><div class=\"bde-div-9925-2118 bde-div\">\n  \n  \n\t\n\n\n\n<div class=\"bde-div-9925-2119 bde-div\">\n  \n  \n\t\n\n\n\n<div class=\"bde-gallery-9925-2127 bde-gallery\">\n\n\n  \n\n\n\n\n\n\n\n  \n\n  <div class=\"ee-gallery-swiper breakdance-swiper-wrapper\" data-swiper-id=\"2127\">\n    <div class=\"swiper\">\n\n<div class=\"ee-gallery ee-gallery--gallery-slider ee-gallery--slider ee-gallery--single ee-gallery--lightbox ee-gallery-- ee-gallery--caption- ee-gallery--caption-none ee-gallery--ratio swiper-wrapper\">\n                  \n      <a class=\"ee-gallery-item ee-gallery-item--image ee-gallery-item--single swiper-slide\" href=\"https:\/\/amenagementpaysagerpropulsion.webici.ca\/wp-content\/uploads\/2026\/02\/5c02222be3ea361fbba7bd01750f9e0e.jpeg\"  data-sub-html=\"<span><\/span>\" data-category=\"1\"                  data-lg-size=\"1536-2048\"\n\n      >\n        <figure class=\"ee-gallery-item-figure\">\n                        <img loading=\"lazy\" decoding=\"async\" class=\"breakdance-image-object\" src=\"https:\/\/amenagementpaysagerpropulsion.webici.ca\/wp-content\/uploads\/2026\/02\/5c02222be3ea361fbba7bd01750f9e0e-768x1024.jpeg\" width=\"768\" height=\"1024\" srcset=\"https:\/\/amenagementpaysagerpropulsion.webici.ca\/wp-content\/uploads\/2026\/02\/5c02222be3ea361fbba7bd01750f9e0e.jpeg 1536w, https:\/\/amenagementpaysagerpropulsion.webici.ca\/wp-content\/uploads\/2026\/02\/5c02222be3ea361fbba7bd01750f9e0e-225x300.jpeg 225w, https:\/\/amenagementpaysagerpropulsion.webici.ca\/wp-content\/uploads\/2026\/02\/5c02222be3ea361fbba7bd01750f9e0e-768x1024.jpeg 768w, https:\/\/amenagementpaysagerpropulsion.webici.ca\/wp-content\/uploads\/2026\/02\/5c02222be3ea361fbba7bd01750f9e0e-1152x1536.jpeg 1152w, https:\/\/amenagementpaysagerpropulsion.webici.ca\/wp-content\/uploads\/2026\/02\/5c02222be3ea361fbba7bd01750f9e0e-9x12.jpeg 9w\" sizes=\"auto, (max-width: 1536px) 100vw, 1536px\">\n          \n                  <\/figure>\n      <\/a>\n\n                \n      <a class=\"ee-gallery-item ee-gallery-item--image ee-gallery-item--single swiper-slide\" href=\"https:\/\/amenagementpaysagerpropulsion.webici.ca\/wp-content\/uploads\/2026\/02\/ea1dd5c79bfc28cd49eb1b58a2f7f675.jpeg\"  data-sub-html=\"<span><\/span>\" data-category=\"1\"                  data-lg-size=\"1536-2048\"\n\n      >\n        <figure class=\"ee-gallery-item-figure\">\n                        <img loading=\"lazy\" decoding=\"async\" class=\"breakdance-image-object\" src=\"https:\/\/amenagementpaysagerpropulsion.webici.ca\/wp-content\/uploads\/2026\/02\/ea1dd5c79bfc28cd49eb1b58a2f7f675-768x1024.jpeg\" width=\"768\" height=\"1024\" srcset=\"https:\/\/amenagementpaysagerpropulsion.webici.ca\/wp-content\/uploads\/2026\/02\/ea1dd5c79bfc28cd49eb1b58a2f7f675.jpeg 1536w, https:\/\/amenagementpaysagerpropulsion.webici.ca\/wp-content\/uploads\/2026\/02\/ea1dd5c79bfc28cd49eb1b58a2f7f675-225x300.jpeg 225w, https:\/\/amenagementpaysagerpropulsion.webici.ca\/wp-content\/uploads\/2026\/02\/ea1dd5c79bfc28cd49eb1b58a2f7f675-768x1024.jpeg 768w, https:\/\/amenagementpaysagerpropulsion.webici.ca\/wp-content\/uploads\/2026\/02\/ea1dd5c79bfc28cd49eb1b58a2f7f675-1152x1536.jpeg 1152w, https:\/\/amenagementpaysagerpropulsion.webici.ca\/wp-content\/uploads\/2026\/02\/ea1dd5c79bfc28cd49eb1b58a2f7f675-9x12.jpeg 9w\" sizes=\"auto, (max-width: 1536px) 100vw, 1536px\">\n          \n                  <\/figure>\n      <\/a>\n\n      \n  <\/div>\n\n    <\/div>\n                <div class=\"swiper-button-prev\">\n            <svg xmlns=\"http:\/\/www.w3.org\/2000\/svg\" viewbox=\"0 0 512 512\"><!-- Font Awesome Free 5.15.1 by @fontawesome - https:\/\/fontawesome.com License - https:\/\/fontawesome.com\/license\/free (Icons: CC BY 4.0, Fonts: SIL OFL 1.1, Code: MIT License) --><path d=\"M256 504C119 504 8 393 8 256S119 8 256 8s248 111 248 248-111 248-248 248zm116-292H256v-70.9c0-10.7-13-16.1-20.5-8.5L121.2 247.5c-4.7 4.7-4.7 12.2 0 16.9l114.3 114.9c7.6 7.6 20.5 2.2 20.5-8.5V300h116c6.6 0 12-5.4 12-12v-64c0-6.6-5.4-12-12-12z\"\/><\/svg>\n        <\/div>\n        <div class=\"swiper-button-next\">\n            <svg xmlns=\"http:\/\/www.w3.org\/2000\/svg\" viewbox=\"0 0 512 512\"><!-- Font Awesome Free 5.15.1 by @fontawesome - https:\/\/fontawesome.com License - https:\/\/fontawesome.com\/license\/free (Icons: CC BY 4.0, Fonts: SIL OFL 1.1, Code: MIT License) --><path d=\"M256 8c137 0 248 111 248 248S393 504 256 504 8 393 8 256 119 8 256 8zM140 300h116v70.9c0 10.7 13 16.1 20.5 8.5l114.3-114.9c4.7-4.7 4.7-12.2 0-16.9l-114.3-115c-7.6-7.6-20.5-2.2-20.5 8.5V212H140c-6.6 0-12 5.4-12 12v64c0 6.6 5.4 12 12 12z\"\/><\/svg>\n        <\/div>\n    \n    \n  <\/div>\n\n\n<\/div>\n<\/div><div class=\"bde-div-9925-2121 bde-div\">\n  \n  \n\t\n\n\n\n<div class=\"bde-div-9925-2122 bde-div\">\n              \n  \n  \n\t\n\n\n\n<h4 class=\"bde-heading-9925-2123 bde-heading\">\nR\u00e9paration de fissures de fondation\n<\/h4><p class=\"bde-text-9925-2124 bde-text\">\nNous scellons les fissures qui permettent \u00e0 l\u2019eau de p\u00e9n\u00e9trer dans la fondation, particuli\u00e8rement lors de fortes pluies ou au d\u00e9gel.\n<\/p><p class=\"bde-text-9925-2131 bde-text\">\nUne intervention rapide limite les infiltrations, prot\u00e8ge contre l'accumulation d'humidit\u00e9 pouvant mener \u00e0 la formation de moisissures nocives pour la sant\u00e9 des occupants et contribue \u00e0 pr\u00e9server l'int\u00e9grit\u00e9 du b\u00e9ton \u00e0 long terme.\n<\/p><div class=\"bde-button-9925-2125 bde-button stretched-btn\" data-entrance=\"zoomIn\">\n    \n                        \n                        \n    \n    \n    \n    \n            \n                    \n            \n            \n\n    \n    \n    \n    \n    \n    <a class=\"breakdance-link button-atom button-atom--custom bde-button__button\" href=\"\/en\/#nous-joindre\" target=\"_self\" data-type=\"url\"  >\n\n    \n        <span class=\"button-atom__text\">Free quote<\/span>\n\n        \n        \n                <\/a>\n\n    \n\n\n<\/div>\n<\/div>\n<\/div>\n<\/div>\n<\/div><\/div>\n<\/section><section class=\"bde-section-9925-1432 bde-section\">\n              \n  \n  \n\t\n\n  <div class=\"section-background-overlay\"><\/div>\n\n\n        <div class=\"section-shape-divider-wrapper section-shape-divider-wrapper--1\">\n          <span class=\"section-shape-divider\">\n                      <svg\n                xmlns=\"http:\/\/www.w3.org\/2000\/svg\"\n                viewbox=\"0 0 1440 320\"\n                preserveaspectratio=\"none\"\n            >\n              <path d=\"M1440 304 720 0 0 304v16h1440v-16Z\" fill=\"currentColor\"\/>\n            <\/svg>\n                    <\/span>\n      <\/div>\n        <div class=\"section-shape-divider-wrapper section-shape-divider-wrapper--2\">\n          <span class=\"section-shape-divider\">\n                      <svg\n                xmlns=\"http:\/\/www.w3.org\/2000\/svg\"\n                viewbox=\"0 0 1440 320\"\n                preserveaspectratio=\"none\"\n            >\n              <path d=\"M1440 0 720 300 0 0v320h1440V0Z\" fill=\"currentColor\"\/>\n            <\/svg>\n                    <\/span>\n      <\/div>\n  <div class=\"section-container\"><div class=\"bde-columns-9925-1749 bde-columns\"><div class=\"bde-column-9925-1750 bde-column\">\n  \n  \n\t\n\n\n\n<div class=\"bde-div-9925-1433 bde-div\">\n  \n  \n\t\n\n\n\n<h3 class=\"bde-heading-9925-1435 bde-heading\">\nDe l\u2019eau s\u2019accumule devant votre fen\u00eatre de sous-sol?\n<\/h3><h3 class=\"bde-heading-9925-1780 bde-heading\">\nMieux vaut corriger le drainage avant qu\u2019une infiltration survienne\n<\/h3>\n<\/div><div class=\"bde-div-9925-1462 bde-div\">\n  \n  \n\t\n\n\n\n<p class=\"bde-text-9925-1461 bde-text\">\nContactez-nous pour une \u00e9valuation sur place et une solution adapt\u00e9e \u00e0 votre terrain et \u00e0 votre fondation.\n<\/p><div class=\"bde-button-9925-1464 bde-button stretched-btn\" data-entrance=\"zoomIn\">\n    \n                        \n                        \n    \n    \n    \n    \n            \n                    \n            \n            \n\n    \n    \n    \n    \n    \n    <a class=\"breakdance-link button-atom button-atom--primary bde-button__button\" href=\"\/en\/#nous-joindre\" target=\"_self\" data-type=\"url\"  >\n\n    \n        <span class=\"button-atom__text\">Free quote<\/span>\n\n                            \n        \n                <\/a>\n\n    \n\n\n<\/div>\n<\/div>\n<\/div><div class=\"bde-column-9925-1751 bde-column\">\n  \n  \n\t\n\n\n\n\n<\/div><\/div><\/div>\n<\/section>","protected":false},"excerpt":{"rendered":"<p>INSTALLATION DE MARGELLES ET R\u00c9PARATION DE FISSURES DE FONDATIONS Nous installons des margelles avec excavation et drainage pour emp\u00eacher l\u2019eau de s\u2019accumuler contre vos fen\u00eatres et votre fondation. Soumission Voir nos r\u00e9alisations Une expertise terrain en protection de fondation Margelle Expert intervient sur les probl\u00e8mes d\u2019accumulation d\u2019eau autour des fen\u00eatres de sous-sol et sur les [&hellip;]<\/p>\n","protected":false},"author":1,"featured_media":13339,"parent":0,"menu_order":0,"comment_status":"closed","ping_status":"closed","template":"","meta":{"_acf_changed":false,"_breakdance_hide_in_design_set":false,"_breakdance_tags":"","footnotes":""},"class_list":["post-9925","page","type-page","status-publish","has-post-thumbnail","hentry"],"acf":[],"_links":{"self":[{"href":"https:\/\/amenagementpaysagerpropulsion.webici.ca\/en\/wp-json\/wp\/v2\/pages\/9925","targetHints":{"allow":["GET"]}}],"collection":[{"href":"https:\/\/amenagementpaysagerpropulsion.webici.ca\/en\/wp-json\/wp\/v2\/pages"}],"about":[{"href":"https:\/\/amenagementpaysagerpropulsion.webici.ca\/en\/wp-json\/wp\/v2\/types\/page"}],"author":[{"embeddable":true,"href":"https:\/\/amenagementpaysagerpropulsion.webici.ca\/en\/wp-json\/wp\/v2\/users\/1"}],"replies":[{"embeddable":true,"href":"https:\/\/amenagementpaysagerpropulsion.webici.ca\/en\/wp-json\/wp\/v2\/comments?post=9925"}],"version-history":[{"count":5,"href":"https:\/\/amenagementpaysagerpropulsion.webici.ca\/en\/wp-json\/wp\/v2\/pages\/9925\/revisions"}],"predecessor-version":[{"id":13413,"href":"https:\/\/amenagementpaysagerpropulsion.webici.ca\/en\/wp-json\/wp\/v2\/pages\/9925\/revisions\/13413"}],"wp:featuredmedia":[{"embeddable":true,"href":"https:\/\/amenagementpaysagerpropulsion.webici.ca\/en\/wp-json\/wp\/v2\/media\/13339"}],"wp:attachment":[{"href":"https:\/\/amenagementpaysagerpropulsion.webici.ca\/en\/wp-json\/wp\/v2\/media?parent=9925"}],"curies":[{"name":"wp","href":"https:\/\/api.w.org\/{rel}","templated":true}]}}